{"id":321,"date":"2023-07-04T14:44:56","date_gmt":"2023-07-04T14:44:56","guid":{"rendered":"https:\/\/www.audaxrenewables.pl\/?page_id=321"},"modified":"2024-08-09T12:35:07","modified_gmt":"2024-08-09T12:35:07","slug":"home","status":"publish","type":"page","link":"https:\/\/www.audaxrenewables.pl\/pl\/","title":{"rendered":"Home"},"content":{"rendered":"","protected":false},"excerpt":{"rendered":"","protected":false},"author":1,"featured_media":0,"parent":0,"menu_order":0,"comment_status":"closed","ping_status":"closed","template":"","meta":{"footnotes":""},"class_list":["post-321","page","type-page","status-publish","hentry"],"yoast_head":"<!-- This site is optimized with the Yoast SEO plugin v21.2 - https:\/\/yoast.com\/wordpress\/plugins\/seo\/ -->\n<title>AUDAX RENEWABLES<\/title>\n<meta name=\"description\" content=\"Audax Renewables to niezale\u017cna grupa energetyczna zajmuj\u0105ca si\u0119 wytwarzaniem oraz dostarczaniem energii w 100% z OZE.\" \/>\n<meta name=\"robots\" content=\"index, follow, max-snippet:-1, max-image-preview:large, max-video-preview:-1\" \/>\n<link rel=\"canonical\" href=\"https:\/\/www.audaxrenewables.pl\/pl\/\" \/>\n<meta property=\"og:locale\" content=\"pl_PL\" \/>\n<meta property=\"og:type\" content=\"article\" \/>\n<meta property=\"og:title\" content=\"AUDAX RENEWABLES\" \/>\n<meta property=\"og:description\" content=\"Audax Renewables to niezale\u017cna grupa energetyczna zajmuj\u0105ca si\u0119 wytwarzaniem oraz dostarczaniem energii w 100% z OZE.\" \/>\n<meta property=\"og:url\" content=\"https:\/\/www.audaxrenewables.pl\/pl\/\" \/>\n<meta property=\"og:site_name\" content=\"Audax Renewables\" \/>\n<meta property=\"article:publisher\" content=\"https:\/\/www.facebook.com\/audaxenergiapolska\" \/>\n<meta property=\"article:modified_time\" content=\"2024-08-09T12:35:07+00:00\" \/>\n<meta property=\"og:image\" content=\"https:\/\/www.audaxrenewables.pl\/wp-content\/uploads\/2023\/07\/logo_international.png\" \/>\n\t<meta property=\"og:image:width\" content=\"221\" \/>\n\t<meta property=\"og:image:height\" content=\"144\" \/>\n\t<meta property=\"og:image:type\" content=\"image\/png\" \/>\n<meta name=\"twitter:card\" content=\"summary_large_image\" \/>\n<meta name=\"twitter:site\" content=\"@AudaxPolska\" \/>\n<!-- \/ Yoast SEO plugin. -->","yoast_head_json":{"title":"AUDAX RENEWABLES","description":"Audax Renewables to niezale\u017cna grupa energetyczna zajmuj\u0105ca si\u0119 wytwarzaniem oraz dostarczaniem energii w 100% z OZE.","robots":{"index":"index","follow":"follow","max-snippet":"max-snippet:-1","max-image-preview":"max-image-preview:large","max-video-preview":"max-video-preview:-1"},"canonical":"https:\/\/www.audaxrenewables.pl\/pl\/","og_locale":"pl_PL","og_type":"article","og_title":"AUDAX RENEWABLES","og_description":"Audax Renewables to niezale\u017cna grupa energetyczna zajmuj\u0105ca si\u0119 wytwarzaniem oraz dostarczaniem energii w 100% z OZE.","og_url":"https:\/\/www.audaxrenewables.pl\/pl\/","og_site_name":"Audax Renewables","article_publisher":"https:\/\/www.facebook.com\/audaxenergiapolska","article_modified_time":"2024-08-09T12:35:07+00:00","og_image":[{"width":221,"height":144,"url":"https:\/\/www.audaxrenewables.pl\/wp-content\/uploads\/2023\/07\/logo_international.png","type":"image\/png"}],"twitter_card":"summary_large_image","twitter_site":"@AudaxPolska","schema":{"@context":"https:\/\/schema.org","@graph":[{"@type":"WebPage","@id":"https:\/\/www.audaxrenewables.pl\/","url":"https:\/\/www.audaxrenewables.pl\/","name":"AUDAX RENEWABLES","isPartOf":{"@id":"https:\/\/www.audaxrenewables.pl\/#website"},"datePublished":"2023-07-04T14:44:56+00:00","dateModified":"2024-08-09T12:35:07+00:00","description":"Audax Renewables to niezale\u017cna grupa energetyczna zajmuj\u0105ca si\u0119 wytwarzaniem oraz dostarczaniem energii w 100% z OZE.","breadcrumb":{"@id":"https:\/\/www.audaxrenewables.pl\/#breadcrumb"},"inLanguage":"pl-PL","potentialAction":[{"@type":"ReadAction","target":["https:\/\/www.audaxrenewables.pl\/"]}]},{"@type":"BreadcrumbList","@id":"https:\/\/www.audaxrenewables.pl\/#breadcrumb","itemListElement":[{"@type":"ListItem","position":1,"name":"Portada","item":"https:\/\/www.audaxrenewables.pl\/"},{"@type":"ListItem","position":2,"name":"Home"}]},{"@type":"WebSite","@id":"https:\/\/www.audaxrenewables.pl\/#website","url":"https:\/\/www.audaxrenewables.pl\/","name":"Audax Renewables","description":"Niezale\u017cna firma zajmuj\u0105ca si\u0119 produkcj\u0105 energii elektrycznej w 100% ze \u017ar\u00f3de\u0142 odnawialnych","publisher":{"@id":"https:\/\/www.audaxrenewables.pl\/#organization"},"potentialAction":[{"@type":"SearchAction","target":{"@type":"EntryPoint","urlTemplate":"https:\/\/www.audaxrenewables.pl\/?s={search_term_string}"},"query-input":"required name=search_term_string"}],"inLanguage":"pl-PL"},{"@type":"Organization","@id":"https:\/\/www.audaxrenewables.pl\/#organization","name":"Audax Renewables","url":"https:\/\/www.audaxrenewables.pl\/","logo":{"@type":"ImageObject","inLanguage":"pl-PL","@id":"https:\/\/www.audaxrenewables.pl\/#\/schema\/logo\/image\/","url":"https:\/\/www.audaxrenewables.pl\/wp-content\/uploads\/2023\/07\/logo_international.png","contentUrl":"https:\/\/www.audaxrenewables.pl\/wp-content\/uploads\/2023\/07\/logo_international.png","width":221,"height":144,"caption":"Audax Renewables"},"image":{"@id":"https:\/\/www.audaxrenewables.pl\/#\/schema\/logo\/image\/"},"sameAs":["https:\/\/www.facebook.com\/audaxenergiapolska","https:\/\/twitter.com\/AudaxPolska","https:\/\/www.instagram.com\/audaxrenovables\/","https:\/\/www.audaxrenewables.pl\/pl","https:\/\/www.linkedin.com\/company\/audax-energia-polska\/"]}]}},"_links":{"self":[{"href":"https:\/\/www.audaxrenewables.pl\/pl\/wp-json\/wp\/v2\/pages\/321","targetHints":{"allow":["GET"]}}],"collection":[{"href":"https:\/\/www.audaxrenewables.pl\/pl\/wp-json\/wp\/v2\/pages"}],"about":[{"href":"https:\/\/www.audaxrenewables.pl\/pl\/wp-json\/wp\/v2\/types\/page"}],"author":[{"embeddable":true,"href":"https:\/\/www.audaxrenewables.pl\/pl\/wp-json\/wp\/v2\/users\/1"}],"replies":[{"embeddable":true,"href":"https:\/\/www.audaxrenewables.pl\/pl\/wp-json\/wp\/v2\/comments?post=321"}],"version-history":[{"count":1,"href":"https:\/\/www.audaxrenewables.pl\/pl\/wp-json\/wp\/v2\/pages\/321\/revisions"}],"predecessor-version":[{"id":322,"href":"https:\/\/www.audaxrenewables.pl\/pl\/wp-json\/wp\/v2\/pages\/321\/revisions\/322"}],"wp:attachment":[{"href":"https:\/\/www.audaxrenewables.pl\/pl\/wp-json\/wp\/v2\/media?parent=321"}],"curies":[{"name":"wp","href":"https:\/\/api.w.org\/{rel}","templated":true}]}}